{"id":148,"date":"2023-04-11T11:55:59","date_gmt":"2023-04-11T09:55:59","guid":{"rendered":"https:\/\/www.montrond-le-fort.fr\/?page_id=148"},"modified":"2025-10-06T13:29:48","modified_gmt":"2025-10-06T11:29:48","slug":"informations-pratiques","status":"publish","type":"page","link":"https:\/\/www.montrond-le-fort.fr\/index.php\/informations-pratiques\/","title":{"rendered":"Informations pratiques"},"content":{"rendered":"<p>[et_pb_section fb_built=\u00a0\u00bb1&Prime; _builder_version=\u00a0\u00bb4.20.4&Prime; _module_preset=\u00a0\u00bbdefault\u00a0\u00bb background_color=\u00a0\u00bb#000000&Prime; global_colors_info=\u00a0\u00bb{}\u00a0\u00bb][et_pb_row _builder_version=\u00a0\u00bb4.20.4&Prime; _module_preset=\u00a0\u00bbdefault\u00a0\u00bb global_colors_info=\u00a0\u00bb{}\u00a0\u00bb][et_pb_column type=\u00a0\u00bb4_4&Prime; _builder_version=\u00a0\u00bb4.20.4&Prime; _module_preset=\u00a0\u00bbdefault\u00a0\u00bb global_colors_info=\u00a0\u00bb{}\u00a0\u00bb][et_pb_text _builder_version=\u00a0\u00bb4.20.4&Prime; _module_preset=\u00a0\u00bbdefault\u00a0\u00bb global_colors_info=\u00a0\u00bb{}\u00a0\u00bb]<\/p>\n<h1>HORAIRES<\/h1>\n<p>[\/et_pb_text][et_pb_text _builder_version=\u00a0\u00bb4.21.0&Prime; _module_preset=\u00a0\u00bbdefault\u00a0\u00bb text_font=\u00a0\u00bbDOSIS LIGHT||||||||\u00a0\u00bb text_font_size=\u00a0\u00bb18px\u00a0\u00bb global_colors_info=\u00a0\u00bb{}\u00a0\u00bb]<\/p>\n<p>Ouvert d\u2019avril \u00e0 fin septembre les mercredis, samedis et dimanche de 10h \u00e0 18h<br \/>En juillet\/aout\u00a0 du mercredi au dimanche de 10h \u00e0 18h<br \/>Fin des entr\u00e9es 1h avant la fermeture.<br \/>Groupes toute l\u2019ann\u00e9e sur rendez-vous.<\/p>\n<p>[\/et_pb_text][et_pb_text _builder_version=\u00a0\u00bb4.20.4&Prime; _module_preset=\u00a0\u00bbdefault\u00a0\u00bb global_colors_info=\u00a0\u00bb{}\u00a0\u00bb]<\/p>\n<h1>TARIFS<\/h1>\n<p>[\/et_pb_text][et_pb_text _builder_version=\u00a0\u00bb4.21.0&Prime; _module_preset=\u00a0\u00bbdefault\u00a0\u00bb text_font=\u00a0\u00bbDOSIS LIGHT||||||||\u00a0\u00bb text_font_size=\u00a0\u00bb18px\u00a0\u00bb global_colors_info=\u00a0\u00bb{}\u00a0\u00bb]<\/p>\n<p><span style=\"text-decoration: underline;\">Entr\u00e9e visite du ch\u00e2teau + espace mus\u00e9ographique :<\/span><br \/>Plein tarif\u00a0: 6.50\u20ac<br \/>Tarif r\u00e9duit (*)\u00a0: 4\u20ac<br \/>(* enfants entre 12 et 18 ans, montrondais, \u00e9tudiants, demandeurs d\u2019emploi, personnes en situation de handicap)<br \/>Gratuit pour les moins de 12 ans<br \/>Tarif de groupe \u00e0 partir de 10 personnes<br \/>Groupe adulte\u00a0: 5.5\u20ac par personne<br \/>Groupe enfant\u00a0: 4\u20ac par enfant<br \/>Groupe enfant (une journ\u00e9e au ch\u00e2teau\u00a0: visite +atelier)\u00a0: 6\u20ac par enfant<\/p>\n<p>[\/et_pb_text][et_pb_text _builder_version=\u00a0\u00bb4.20.4&Prime; _module_preset=\u00a0\u00bbdefault\u00a0\u00bb global_colors_info=\u00a0\u00bb{}\u00a0\u00bb]<\/p>\n<h1>ACCES PMR<\/h1>\n<p>[\/et_pb_text][et_pb_text _builder_version=\u00a0\u00bb4.21.0&Prime; _module_preset=\u00a0\u00bbdefault\u00a0\u00bb text_font=\u00a0\u00bbDOSIS LIGHT||||||||\u00a0\u00bb text_font_size=\u00a0\u00bb18px\u00a0\u00bb global_colors_info=\u00a0\u00bb{}\u00a0\u00bb]<\/p>\n<p>Le ch\u00e2teau de la ville de Montrond-les-bains s\u2019attache \u00e0 accueillir tous les visiteurs dans de bonnes conditions, notamment en favorisant l\u2019acc\u00e8s des personnes en situation de handicap. Un emplacement r\u00e9serv\u00e9 PMR pour un v\u00e9hicule l\u00e9ger se trouve devant l\u2019accueil-boutique. Une rampe PMR permet l\u2019acc\u00e8s \u00e0 l\u2019accueil-boutique et un monte escalier m\u00e8ne \u00e0 l\u2019espace mus\u00e9ographique.<\/p>\n<p>La cour haute du ch\u00e2teau de Montrond le Fort ainsi que les tours ne sont pas accessibles, cependant il est possible de b\u00e9n\u00e9ficier d\u2019une visite virtuelle sur tablette pour d\u00e9couvrir ses espaces.<\/p>\n<p>[\/et_pb_text][et_pb_text _builder_version=\u00a0\u00bb4.20.4&Prime; _module_preset=\u00a0\u00bbdefault\u00a0\u00bb global_colors_info=\u00a0\u00bb{}\u00a0\u00bb]<\/p>\n<h1>CONTACT<\/h1>\n<p>[\/et_pb_text][et_pb_text _builder_version=\u00a0\u00bb4.27.4&Prime; _module_preset=\u00a0\u00bbdefault\u00a0\u00bb text_font=\u00a0\u00bbDOSIS LIGHT||||||||\u00a0\u00bb text_font_size=\u00a0\u00bb18px\u00a0\u00bb hover_enabled=\u00a0\u00bb0&Prime; global_colors_info=\u00a0\u00bb{}\u00a0\u00bb sticky_enabled=\u00a0\u00bb0&Prime;]<\/p>\n<p>T\u00e9l\u00e9phone : 06 28 82 28 25<br \/>Mail\u00a0: <a href=\"mailto:chateau@montrond-les-bains.fr\">chateau@montrond-les-bains.fr<\/a><\/p>\n<p>Inscription \u00e0 la newsletter : <a href=\"https:\/\/4539a13d.sibforms.com\/serve\/MUIFAMhivXoTzqg2mO0C-uzH960Yx3nAhwu9v2nrUMhaWygJnLOqQ2zXekK0Akl0V1SzHosGcS57s2SDvKBXzCCps2dLxek0Dvyi30Df1Oh-AMlAr3mDTL8gxYGauIyHZW5CG6zxr-MoxZVlxuhTy2s0GDvPe6hNg0XdKTnm6ppxTsGDVQZ7ea7Efx0QOKbW1IOmcLQNGs4R-v8t\" target=\"_blank\" rel=\"noopener\">cliquez ici<\/a><\/p>\n<p>[\/et_pb_text][et_pb_text _builder_version=\u00a0\u00bb4.20.4&Prime; _module_preset=\u00a0\u00bbdefault\u00a0\u00bb global_colors_info=\u00a0\u00bb{}\u00a0\u00bb]<\/p>\n<h1>ACCES<\/h1>\n<p>[\/et_pb_text][et_pb_code _builder_version=\u00a0\u00bb4.21.0&Prime; _module_preset=\u00a0\u00bbdefault\u00a0\u00bb global_colors_info=\u00a0\u00bb{}\u00a0\u00bb]<iframe src=\"https:\/\/www.google.com\/maps\/embed?pb=!1m18!1m12!1m3!1d2789.442570771002!2d4.2286962754755555!3d45.641933371077386!2m3!1f0!2f0!3f0!3m2!1i1024!2i768!4f13.1!3m3!1m2!1s0x47f448e6bd9e227d%3A0x8bde1f3dff1ae170!2s116%20Prom.%20Marguerite%20d&#39;Albon%2C%2042210%20Montrond-les-Bains!5e0!3m2!1sfr!2sfr!4v1687419242420!5m2!1sfr!2sfr\" width=\"600\" height=\"450\" style=\"border:0;\" allowfullscreen=\"\" loading=\"lazy\" referrerpolicy=\"no-referrer-when-downgrade\"><\/iframe>[\/et_pb_code][\/et_pb_column][\/et_pb_row][\/et_pb_section]<\/p>\n","protected":false},"excerpt":{"rendered":"<p>HORAIRESOuvert d\u2019avril \u00e0 fin septembre les mercredis, samedis et dimanche de 10h \u00e0 18hEn juillet\/aout\u00a0 du mercredi au dimanche de 10h \u00e0 18hFin des entr\u00e9es 1h avant la fermeture.Groupes toute l\u2019ann\u00e9e sur rendez-vous.TARIFSEntr\u00e9e visite du ch\u00e2teau + espace mus\u00e9ographique :Plein tarif\u00a0: 6.50\u20acTarif r\u00e9duit (*)\u00a0: 4\u20ac(* enfants entre 12 et 18 ans, montrondais, \u00e9tudiants, demandeurs d\u2019emploi, [&hellip;]<\/p>\n","protected":false},"author":2,"featured_media":405,"parent":0,"menu_order":0,"comment_status":"closed","ping_status":"closed","template":"","meta":{"_et_pb_use_builder":"on","_et_pb_old_content":"","_et_gb_content_width":"","footnotes":""},"class_list":["post-148","page","type-page","status-publish","has-post-thumbnail","hentry"],"_links":{"self":[{"href":"https:\/\/www.montrond-le-fort.fr\/index.php\/wp-json\/wp\/v2\/pages\/148","targetHints":{"allow":["GET"]}}],"collection":[{"href":"https:\/\/www.montrond-le-fort.fr\/index.php\/wp-json\/wp\/v2\/pages"}],"about":[{"href":"https:\/\/www.montrond-le-fort.fr\/index.php\/wp-json\/wp\/v2\/types\/page"}],"author":[{"embeddable":true,"href":"https:\/\/www.montrond-le-fort.fr\/index.php\/wp-json\/wp\/v2\/users\/2"}],"replies":[{"embeddable":true,"href":"https:\/\/www.montrond-le-fort.fr\/index.php\/wp-json\/wp\/v2\/comments?post=148"}],"version-history":[{"count":19,"href":"https:\/\/www.montrond-le-fort.fr\/index.php\/wp-json\/wp\/v2\/pages\/148\/revisions"}],"predecessor-version":[{"id":1084,"href":"https:\/\/www.montrond-le-fort.fr\/index.php\/wp-json\/wp\/v2\/pages\/148\/revisions\/1084"}],"wp:featuredmedia":[{"embeddable":true,"href":"https:\/\/www.montrond-le-fort.fr\/index.php\/wp-json\/wp\/v2\/media\/405"}],"wp:attachment":[{"href":"https:\/\/www.montrond-le-fort.fr\/index.php\/wp-json\/wp\/v2\/media?parent=148"}],"curies":[{"name":"wp","href":"https:\/\/api.w.org\/{rel}","templated":true}]}}