{"id":157,"date":"2023-04-11T11:58:54","date_gmt":"2023-04-11T09:58:54","guid":{"rendered":"https:\/\/www.montrond-le-fort.fr\/?page_id=157"},"modified":"2025-02-25T15:02:26","modified_gmt":"2025-02-25T14:02:26","slug":"entreprise","status":"publish","type":"page","link":"https:\/\/www.montrond-le-fort.fr\/index.php\/entreprise\/","title":{"rendered":"Entreprises"},"content":{"rendered":"<p>[et_pb_section fb_built=\u00a0\u00bb1&Prime; _builder_version=\u00a0\u00bb4.20.4&Prime; _module_preset=\u00a0\u00bbdefault\u00a0\u00bb background_color=\u00a0\u00bb#000000&Prime; global_colors_info=\u00a0\u00bb{}\u00a0\u00bb][et_pb_row _builder_version=\u00a0\u00bb4.20.4&Prime; _module_preset=\u00a0\u00bbdefault\u00a0\u00bb global_colors_info=\u00a0\u00bb{}\u00a0\u00bb][et_pb_column type=\u00a0\u00bb4_4&Prime; _builder_version=\u00a0\u00bb4.20.4&Prime; _module_preset=\u00a0\u00bbdefault\u00a0\u00bb global_colors_info=\u00a0\u00bb{}\u00a0\u00bb][et_pb_text _builder_version=\u00a0\u00bb4.23.1&Prime; _module_preset=\u00a0\u00bbdefault\u00a0\u00bb global_colors_info=\u00a0\u00bb{}\u00a0\u00bb]<\/p>\n<h1>LOCATION DE SALLE<\/h1>\n<p>[\/et_pb_text][et_pb_text _builder_version=\u00a0\u00bb4.23.1&Prime; _module_preset=\u00a0\u00bbdefault\u00a0\u00bb global_colors_info=\u00a0\u00bb{}\u00a0\u00bb]<\/p>\n<h3>SALLE JEHAN GALLET<\/h3>\n<p>[\/et_pb_text][et_pb_text _builder_version=\u00a0\u00bb4.27.4&Prime; _module_preset=\u00a0\u00bbdefault\u00a0\u00bb text_font=\u00a0\u00bbDOSIS LIGHT||||||||\u00a0\u00bb text_font_size=\u00a0\u00bb18px\u00a0\u00bb hover_enabled=\u00a0\u00bb0&Prime; global_colors_info=\u00a0\u00bb{}\u00a0\u00bb sticky_enabled=\u00a0\u00bb0&Prime;]<\/p>\n<p>Le ch\u00e2teau de Montrond les bains offre un cadre privil\u00e9gi\u00e9 \u00e0 la c\u00e9l\u00e9bration de tous vos \u00e9v\u00e9nements priv\u00e9s (mariages, f\u00eates d&rsquo;anniversaires, bapt\u00eames) et professionnels (s\u00e9minaires d&rsquo;entreprise, conf\u00e9rences etc).<\/p>\n<p>Le ch\u00e2teau dispose d\u2019une salle de 140 m\u00b2 pouvant accueillir jusqu\u2019\u00e0 100 convives.<\/p>\n<p>La location est possible du 1<sup>er<\/sup> avril au 31 octobre.<\/p>\n<p>Pour t\u00e9l\u00e9charger la convention de pr\u00eat : <a href=\"https:\/\/www.montrond-le-fort.fr\/wp-content\/uploads\/2025\/02\/CONTRAT-LOCATION-2025-PARTICULIER.pdf\" target=\"_blank\" rel=\"noopener\">cliquez-ici<\/a><\/p>\n<p><u>Tarifs\u00a0:<\/u><\/p>\n<ul>\n<li>Location le week-end\u00a0: 1350\u20ac<\/li>\n<li>Location le week-end pour les habitants de Montrond\u00a0: 1050\u20ac<\/li>\n<li>Location en semaine\u00a0(du lundi au jeudi)\u00a0: 600\u20ac<\/li>\n<li>Caution\u00a0: 500\u20ac<\/li>\n<\/ul>\n<p>[\/et_pb_text][et_pb_gallery gallery_ids=\u00a0\u00bb751,752&Prime; show_title_and_caption=\u00a0\u00bboff\u00a0\u00bb show_pagination=\u00a0\u00bboff\u00a0\u00bb _builder_version=\u00a0\u00bb4.23.1&Prime; _module_preset=\u00a0\u00bbdefault\u00a0\u00bb global_colors_info=\u00a0\u00bb{}\u00a0\u00bb][\/et_pb_gallery][et_pb_text _builder_version=\u00a0\u00bb4.20.4&Prime; _module_preset=\u00a0\u00bbdefault\u00a0\u00bb global_colors_info=\u00a0\u00bb{}\u00a0\u00bb]<\/p>\n<h1>ENTREPRISES<\/h1>\n<p>[\/et_pb_text][et_pb_text _builder_version=\u00a0\u00bb4.21.0&Prime; _module_preset=\u00a0\u00bbdefault\u00a0\u00bb global_colors_info=\u00a0\u00bb{}\u00a0\u00bb]<\/p>\n<h3>DEVENEZ MECENE<\/h3>\n<p>[\/et_pb_text][et_pb_text _builder_version=\u00a0\u00bb4.21.0&Prime; _module_preset=\u00a0\u00bbdefault\u00a0\u00bb text_font=\u00a0\u00bbDOSIS LIGHT||||||||\u00a0\u00bb text_font_size=\u00a0\u00bb18px\u00a0\u00bb global_colors_info=\u00a0\u00bb{}\u00a0\u00bb]<\/p>\n<p>Vous \u00eates une entreprise du territoire et vous souhaitez vous impliquez pour la sauvegarde et l\u2019animation du patrimoine\u00a0?<\/p>\n<ul>\n<li>Affirmez votre engagement pour le territoire en vous inscrivant dans sa dynamique patrimoniale et culturelle.<\/li>\n<li>Affichez vos valeurs aupr\u00e8s de vos collaborateurs, de vos clients et du grand public.<\/li>\n<li>B\u00e9n\u00e9ficiez des \u00e9v\u00e9nements et animations exclusives \u00e0 destination des entreprises partenaires<\/li>\n<\/ul>\n<p>[\/et_pb_text][\/et_pb_column][\/et_pb_row][\/et_pb_section]<\/p>\n","protected":false},"excerpt":{"rendered":"<p>LOCATION DE SALLESALLE JEHAN GALLETLe ch\u00e2teau de Montrond les bains offre un cadre privil\u00e9gi\u00e9 \u00e0 la c\u00e9l\u00e9bration de tous vos \u00e9v\u00e9nements priv\u00e9s (mariages, f\u00eates d&rsquo;anniversaires, bapt\u00eames) et professionnels (s\u00e9minaires d&rsquo;entreprise, conf\u00e9rences etc). Le ch\u00e2teau dispose d\u2019une salle de 140 m\u00b2 pouvant accueillir jusqu\u2019\u00e0 100 convives. La location est possible du 1er avril au 31 octobre. [&hellip;]<\/p>\n","protected":false},"author":2,"featured_media":409,"parent":0,"menu_order":0,"comment_status":"closed","ping_status":"closed","template":"","meta":{"_et_pb_use_builder":"on","_et_pb_old_content":"","_et_gb_content_width":"","footnotes":""},"class_list":["post-157","page","type-page","status-publish","has-post-thumbnail","hentry"],"_links":{"self":[{"href":"https:\/\/www.montrond-le-fort.fr\/index.php\/wp-json\/wp\/v2\/pages\/157","targetHints":{"allow":["GET"]}}],"collection":[{"href":"https:\/\/www.montrond-le-fort.fr\/index.php\/wp-json\/wp\/v2\/pages"}],"about":[{"href":"https:\/\/www.montrond-le-fort.fr\/index.php\/wp-json\/wp\/v2\/types\/page"}],"author":[{"embeddable":true,"href":"https:\/\/www.montrond-le-fort.fr\/index.php\/wp-json\/wp\/v2\/users\/2"}],"replies":[{"embeddable":true,"href":"https:\/\/www.montrond-le-fort.fr\/index.php\/wp-json\/wp\/v2\/comments?post=157"}],"version-history":[{"count":12,"href":"https:\/\/www.montrond-le-fort.fr\/index.php\/wp-json\/wp\/v2\/pages\/157\/revisions"}],"predecessor-version":[{"id":953,"href":"https:\/\/www.montrond-le-fort.fr\/index.php\/wp-json\/wp\/v2\/pages\/157\/revisions\/953"}],"wp:featuredmedia":[{"embeddable":true,"href":"https:\/\/www.montrond-le-fort.fr\/index.php\/wp-json\/wp\/v2\/media\/409"}],"wp:attachment":[{"href":"https:\/\/www.montrond-le-fort.fr\/index.php\/wp-json\/wp\/v2\/media?parent=157"}],"curies":[{"name":"wp","href":"https:\/\/api.w.org\/{rel}","templated":true}]}}