{"id":326,"date":"2023-05-03T12:04:57","date_gmt":"2023-05-03T10:04:57","guid":{"rendered":"https:\/\/www.montrond-le-fort.fr\/?page_id=326"},"modified":"2023-06-21T12:18:57","modified_gmt":"2023-06-21T10:18:57","slug":"mentions-legales","status":"publish","type":"page","link":"https:\/\/www.montrond-le-fort.fr\/index.php\/mentions-legales\/","title":{"rendered":"Mentions L\u00e9gales"},"content":{"rendered":"<p>[et_pb_section fb_built=\u00a0\u00bb1&Prime; _builder_version=\u00a0\u00bb4.21.0&Prime; _module_preset=\u00a0\u00bbdefault\u00a0\u00bb background_color=\u00a0\u00bb#000000&Prime; global_colors_info=\u00a0\u00bb{}\u00a0\u00bb][et_pb_row _builder_version=\u00a0\u00bb4.21.0&Prime; _module_preset=\u00a0\u00bbdefault\u00a0\u00bb global_colors_info=\u00a0\u00bb{}\u00a0\u00bb][et_pb_column type=\u00a0\u00bb4_4&Prime; _builder_version=\u00a0\u00bb4.21.0&Prime; _module_preset=\u00a0\u00bbdefault\u00a0\u00bb global_colors_info=\u00a0\u00bb{}\u00a0\u00bb][et_pb_text _builder_version=\u00a0\u00bb4.21.0&Prime; _module_preset=\u00a0\u00bbdefault\u00a0\u00bb text_font_size=\u00a0\u00bb18px\u00a0\u00bb hover_enabled=\u00a0\u00bb0&Prime; global_colors_info=\u00a0\u00bb{}\u00a0\u00bb text_font=\u00a0\u00bbDOSIS LIGHT||||||||\u00a0\u00bb sticky_enabled=\u00a0\u00bb0&Prime;]<\/p>\n<p><strong>\u00c9DITEUR DU SITE<\/strong><\/p>\n<p>Le pr\u00e9sent site est la propri\u00e9t\u00e9 de la Ville de Montrond les Bains<\/p>\n<p>Coordonn\u00e9es :<br \/>Mairie de Montrond les Bains<br \/>1 place du G\u00e9n\u00e9rale de Gaulle<br \/>42210 Montrond les bains<br \/>T\u00e9l\u00e9phone : 04 77 54 42 77<\/p>\n<p><strong>RESPONSABLE DU REDACTIONNEL<\/strong><\/p>\n<p>Mme Tiffany GONCALVES &#8211; Directrice du Ch\u00e2teau.<\/p>\n<p>Mme Marie-Odile MOULAGER &#8211; Adjointe <span>Culture et Patrimoine, Politique Inclusive.<\/span><\/p>\n<p><strong>CR\u00c9DITS ET AUTORISATIONS LI\u00c9ES AUX CONTENUS DU SITE<\/strong><\/p>\n<p>Droits d\u2019auteur :<\/p>\n<p>L\u2019ensemble de ce site rel\u00e8ve de la l\u00e9gislation fran\u00e7aise et internationale sur le droit d\u2019auteur et la propri\u00e9t\u00e9 intellectuelle. Tous droits de reproduction sont r\u00e9serv\u00e9s, y compris pour les documents photographiques.<\/p>\n<p>La reproduction de tout ou partie de ce site sur un support \u00e9lectronique quel qu\u2019il soit est formellement interdite sauf autorisation expresse de la direction de la communication.<\/p>\n<p>La reproduction des textes de ce site sur un support papier est autoris\u00e9e, tout particuli\u00e8rement dans le cadre p\u00e9dagogique, sous r\u00e9serve du respect des trois conditions suivantes :<\/p>\n<p>Diffusion gratuite ;<br \/>Pas de modification, ni alt\u00e9ration d\u2019aucune sorte des documents reproduits ;<br \/>citation claire et lisible de la source de la fa\u00e7on suivante : \u00ab Ce document provient du site internet montrond-le-fort, les droits de reproduction sont r\u00e9serv\u00e9s et strictement limit\u00e9s. \u00bb.<\/p>\n<p>Cr\u00e9dits photo :<br \/>Les photos, images fixes et anim\u00e9es, sons, vid\u00e9os et documents publi\u00e9s sur ce site, ne peuvent \u00eatre reproduits sans autorisation pr\u00e9alable sollicit\u00e9e aupr\u00e8s de la Ville de Montrond les Bains. La demande pr\u00e9cisera le support de reproduction et son mode de diffusion. Les photos et les images utilis\u00e9es apr\u00e8s autorisation mentionneront le copyright la Ville de Montrond les Bains ou celui indiqu\u00e9 au moment de l\u2019autorisation.<\/p>\n<p>Toute reproduction de contenus \u00e9ditoriaux, de photos et d\u2019images, sons, vid\u00e9os ou documents dans un but commercial ou publicitaire est interdite.<\/p>\n<p>Si vous constatez une inexactitude dans les informations donn\u00e9es sur ce site, ou pour toute suggestion, information, r\u00e9action, merci de nous contacter.<\/p>\n<p>La Ville de Montrond les Bains ne saurait \u00eatre tenue responsable de l\u2019utilisation abusive qui serait faite des contenus \u00e9ditoriaux, photos, images, liens et documents.<\/p>\n<p><strong>\u00c9TABLISSEMENT DE LIENS HYPERTEXTES VERS CE SITE<\/strong><\/p>\n<p>Les liens pointant vers la page d\u2019accueil ou l\u2019une des pages de ce site [doivent\/peuvent] \u00eatre [soumis \u00e0\/\u00e9tablis sans] autorisation pr\u00e9alable. Dans ce cas la mention explicite du titre \u00abVille de Montrond les Bains\u00bb devra \u00eatre port\u00e9e \u00e0 proximit\u00e9 du lien. Veuillez noter que la Ville de Montrond les Bains se r\u00e9serve le droit de modifier ou supprimer l\u2019URL des pages sans avertissement ; il incombe aux webmestres des sites pointant vers ce site de v\u00e9rifier leur p\u00e9rennit\u00e9. L\u2019\u00e9tablissement de liens \u00e0 partir de sites ayant un but commercial ou publicitaire ou \u00e0 partir de sites diffusant des informations \u00e0 caract\u00e8re illicite, violent, pol\u00e9mique, pornographique, x\u00e9nophobe ou pouvant porter atteinte \u00e0 la sensibilit\u00e9 du plus grand nombre est strictement interdit.<\/p>\n<p>Liens vers les documents : dans tous les cas, l\u2019\u00e9tablissement de liens direct vers les documents t\u00e9l\u00e9chargeables de ce site, images, sons ou vid\u00e9os est interdit.<\/p>\n<p><strong>CONCEPTION ET D\u00c9VELOPPEMENT DU SITE<\/strong><\/p>\n<p>D\u00e9veloppement du site : Olivier GRELLET \u2013 Responsable Informatique de la ville.<\/p>\n<p>Toute utilisation ou reproduction d\u2019\u00e9l\u00e9ments graphiques, ergonomiques et d\u2019une mani\u00e8re g\u00e9n\u00e9rale de composants de la charte graphique de ce site est interdite.<\/p>\n<p><strong>H\u00c9BERGEUR<\/strong><\/p>\n<p>Soci\u00e9t\u00e9 OVH, 2 rue Kellermann \u2013 59100 Roubaix \u2013 France<\/p>\n<p><strong>CONFIDENTIALITE &#8211; PROTECTION ET TRAITEMENT DES DONN\u00c9ES PERSONNELLES<\/strong><\/p>\n<p>Protection des donn\u00e9es \u00e0 caract\u00e8re personnel &#8211; Entr\u00e9e en vigueur du r\u00e8glement europ\u00e9en 2016-679 \u00ab\u00a0RGPD\u00a0\u00bb<br \/>Dans le cadre de ses missions de service public, la Ville de Montrond les Bains met en oeuvre diff\u00e9rents traitements de donn\u00e9es \u00e0 caract\u00e8re personnel. A ce titre, elle est soumise aux dispositions du r\u00e8glement europ\u00e9en 2016\/679, R\u00e8glement G\u00e9n\u00e9ral pour la Protection des Donn\u00e9es, \u00e9galement d\u00e9nomm\u00e9 \u00ab\u00a0RGPD\u00a0\u00bb, entrant en vigueur le 25 mai 2018. Ce texte renforce les obligations relatives \u00e0 la protection des donn\u00e9es et des personnes concern\u00e9es, jusque-l\u00e0 d\u00e9finies par la loi 78-17 \u00ab\u00a0informatique et Libert\u00e9s\u00a0\u00bb.<\/p>\n<p><span style=\"text-decoration: underline\">Collecte de donn\u00e9es<\/span><br \/>Les informations recueillies proviennent :<\/p>\n<p>Soit de la communication volontaire d\u2019une adresse de courrier \u00e9lectronique lors du d\u00e9p\u00f4t d\u2019un message \u00e9lectronique d\u2019un utilisateur. Dans ce cas, l\u2019adresse courriel collect\u00e9e ne nous servira qu\u2019\u00e0 acheminer la r\u00e9ponse.<\/p>\n<p>Soit de la compl\u00e9tion d\u2019un formulaire, et seront employ\u00e9es aux fins de l\u2019op\u00e9ration \u00e0 laquelle ce formulaire est d\u00e9di\u00e9, dont les modalit\u00e9s sont pr\u00e9cis\u00e9es sur la page de publication du formulaire.<br \/>Nous ne r\u00e9utilisons pas les donn\u00e9es pour une autre finalit\u00e9 que celle que nous avons d\u00e9clar\u00e9e. Nous ne communiquerons jamais les donn\u00e9es \u00e0 caract\u00e8re personnel vous concernant \u00e0 des fins marketing.<br \/>La Ville de Saint-Etienne est responsable du traitement des donn\u00e9es collect\u00e9es.<\/p>\n<p>De quelle protection b\u00e9n\u00e9ficient les personnes dont les donn\u00e9es sont trait\u00e9es par la Ville Montrond les Bains ?<br \/>Le r\u00e8glement UE\/2016 du 27 avril 2016 relatif \u00e0 la protection des donn\u00e9es \u00e0 caract\u00e8re personnel et la loi n\u00b0 78-17 du 6 janvier 1978 relative \u00e0 l\u2019information, aux fichiers et aux libert\u00e9s, conf\u00e8re aux personnes concern\u00e9es un droit d\u2019acc\u00e8s, d\u2019opposition, de rectification, \u00e0 l\u2019effacement, de limitation et de portabilit\u00e9 en fonction de la base l\u00e9gale du traitement.<\/p>\n<p>Pour toute question, vous pouvez \u00e9crire \u00e0 : chateau@montrond-les-bains.fr<\/p>\n<p><strong>ACCESSIBILIT\u00c9<\/strong><\/p>\n<p>Ce site a \u00e9t\u00e9 con\u00e7u pour \u00eatre le plus accessible possible \u00e0 toutes les personnes, ind\u00e9pendamment de leurs dispositions physiques, cognitives, mat\u00e9rielles ou g\u00e9ographiques.<\/p>\n<p>L\u2019objectif de la Ville de Montrond les Bains est d\u2019atteindre un niveau d\u2019accessibilit\u00e9 conforme aux recommandations du R\u00e9f\u00e9rentiel G\u00e9n\u00e9ral d\u2019Accessibilit\u00e9 des Administrations (RGAA) afin de respecter la loi 2005-102 du 11 f\u00e9vrier 2005 pour l\u2019\u00e9galit\u00e9 des droits et des chances, la participation et la citoyennet\u00e9 des personnes handicap\u00e9es. Ce respect du r\u00e9f\u00e9rentiel entra\u00eene la conformit\u00e9 du site avec la norme ISO\/IEC 40500:2012 relative \u00e0 l\u2019accessibilit\u00e9 des contenus web.<\/p>\n<p>Si vous rencontrez des difficult\u00e9s dans l\u2019utilisation de ce site, ou si vous constatez qu\u2019une page ne correspond pas aux crit\u00e8res du RGAA, merci de nous les signaler, nous nous efforcerons d\u2019apporter les am\u00e9liorations ad\u00e9quates.<\/p>\n<p>[\/et_pb_text][\/et_pb_column][\/et_pb_row][\/et_pb_section]<\/p>\n","protected":false},"excerpt":{"rendered":"<p>\u00c9DITEUR DU SITE Le pr\u00e9sent site est la propri\u00e9t\u00e9 de la Ville de Montrond les Bains Coordonn\u00e9es :Mairie de Montrond les Bains1 place du G\u00e9n\u00e9rale de Gaulle42210 Montrond les bainsT\u00e9l\u00e9phone : 04 77 54 42 77 RESPONSABLE DU REDACTIONNEL Mme Tiffany GONCALVES &#8211; Directrice du Ch\u00e2teau. Mme Marie-Odile MOULAGER &#8211; Adjointe Culture et Patrimoine, Politique [&hellip;]<\/p>\n","protected":false},"author":2,"featured_media":476,"parent":0,"menu_order":0,"comment_status":"closed","ping_status":"closed","template":"","meta":{"_et_pb_use_builder":"on","_et_pb_old_content":"","_et_gb_content_width":"","footnotes":""},"class_list":["post-326","page","type-page","status-publish","has-post-thumbnail","hentry"],"_links":{"self":[{"href":"https:\/\/www.montrond-le-fort.fr\/index.php\/wp-json\/wp\/v2\/pages\/326","targetHints":{"allow":["GET"]}}],"collection":[{"href":"https:\/\/www.montrond-le-fort.fr\/index.php\/wp-json\/wp\/v2\/pages"}],"about":[{"href":"https:\/\/www.montrond-le-fort.fr\/index.php\/wp-json\/wp\/v2\/types\/page"}],"author":[{"embeddable":true,"href":"https:\/\/www.montrond-le-fort.fr\/index.php\/wp-json\/wp\/v2\/users\/2"}],"replies":[{"embeddable":true,"href":"https:\/\/www.montrond-le-fort.fr\/index.php\/wp-json\/wp\/v2\/comments?post=326"}],"version-history":[{"count":6,"href":"https:\/\/www.montrond-le-fort.fr\/index.php\/wp-json\/wp\/v2\/pages\/326\/revisions"}],"predecessor-version":[{"id":667,"href":"https:\/\/www.montrond-le-fort.fr\/index.php\/wp-json\/wp\/v2\/pages\/326\/revisions\/667"}],"wp:featuredmedia":[{"embeddable":true,"href":"https:\/\/www.montrond-le-fort.fr\/index.php\/wp-json\/wp\/v2\/media\/476"}],"wp:attachment":[{"href":"https:\/\/www.montrond-le-fort.fr\/index.php\/wp-json\/wp\/v2\/media?parent=326"}],"curies":[{"name":"wp","href":"https:\/\/api.w.org\/{rel}","templated":true}]}}